{"id":1000,"date":"2025-04-24T22:18:56","date_gmt":"2025-04-25T01:18:56","guid":{"rendered":"http:\/\/localhost:8888\/lucasvarga\/?page_id=1000"},"modified":"2026-01-05T21:12:15","modified_gmt":"2026-01-06T00:12:15","slug":"bio-contacto","status":"publish","type":"page","link":"https:\/\/lucasvarga.com\/en\/bio-contacto\/","title":{"rendered":"Bio \/ Contacto"},"content":{"rendered":"\n<figure class=\"wp-block-image size-large is-resized\"><img loading=\"lazy\" decoding=\"async\" width=\"856\" height=\"1024\" src=\"https:\/\/lucasvarga.com\/wp-content\/uploads\/2025\/05\/P1016533-3-856x1024.jpg\" alt=\"Lucas Varga - Autorretrato\" class=\"wp-image-1130\" style=\"width:266px;height:auto\" srcset=\"https:\/\/lucasvarga.com\/wp-content\/uploads\/2025\/05\/P1016533-3-856x1024.jpg 856w, https:\/\/lucasvarga.com\/wp-content\/uploads\/2025\/05\/P1016533-3-251x300.jpg 251w, https:\/\/lucasvarga.com\/wp-content\/uploads\/2025\/05\/P1016533-3-768x918.jpg 768w, https:\/\/lucasvarga.com\/wp-content\/uploads\/2025\/05\/P1016533-3-1284x1536.jpg 1284w, https:\/\/lucasvarga.com\/wp-content\/uploads\/2025\/05\/P1016533-3-1712x2048.jpg 1712w\" sizes=\"auto, (max-width: 856px) 100vw, 856px\" \/><figcaption class=\"wp-element-caption\">Self-portrait<\/figcaption><\/figure>\n\n\n\n<div style=\"height:30px\" aria-hidden=\"true\" class=\"wp-block-spacer\"><\/div>\n\n\n\n<p>Soy dise\u00f1ador generalista, realizo consultor\u00edas de imagen institucional, proyectos de marca, editorial, web y redes sociales. Tambi\u00e9n desarrollo productos y me apasiona la investigaci\u00f3n para resolver situaciones que requieran funcionalidad y dise\u00f1o.<\/p>\n\n\n\n<p>Con m\u00e1s de 25 a\u00f1os de carrera, asisto a empresas, instituciones, peque\u00f1os emprendedores, profesionales y artistas a lograr objetivos para el posicionamiento de marcas, productos, acciones y servicios.<\/p>\n\n\n\n<p>Me gusta dise\u00f1ar y me gusta viajar, actualmente resido en la ciudad de Buenos Aires, pero con placer puedo trasladarme las veces y por el tiempo que sea necesario a cualquier locaci\u00f3n donde haya un proyecto para realizar.<\/p>\n\n\n\n<p>Sentite libre para contactarme por proyectos comisionados o colaborativos, aunque tambi\u00e9n simplemente para saludar.<\/p>\n\n\n\n<div style=\"height:30px\" aria-hidden=\"true\" class=\"wp-block-spacer\"><\/div>\n\n\n\n<p>Whatsapp: <a href=\"https:\/\/wa.me\/5491167621738\">+54 9 11 6762 1738<\/a><br>eMail: info [arroba] lucasvarga . com<br>Instagram: <a href=\"https:\/\/www.instagram.com\/lucasvarga\" target=\"_blank\" rel=\"noreferrer noopener\">@lucasvarga<\/a><\/p>\n\n\n\n<div style=\"height:100px\" aria-hidden=\"true\" class=\"wp-block-spacer\"><\/div>\n","protected":false},"excerpt":{"rendered":"<p>Soy dise\u00f1ador generalista, realizo consultor\u00edas de imagen institucional, proyectos de marca, editorial, web y redes sociales. Tambi\u00e9n desarrollo productos y me apasiona la investigaci\u00f3n para resolver situaciones que requieran funcionalidad y dise\u00f1o. Con m\u00e1s de 25 a\u00f1os de carrera, asisto a empresas, instituciones, peque\u00f1os emprendedores, profesionales y artistas a lograr objetivos para el posicionamiento de [&hellip;]<\/p>\n","protected":false},"author":2,"featured_media":0,"parent":0,"menu_order":0,"comment_status":"closed","ping_status":"closed","template":"","meta":{"footnotes":""},"class_list":["post-1000","page","type-page","status-publish","hentry"],"yoast_head":"<!-- This site is optimized with the Yoast SEO plugin v27.4 - https:\/\/yoast.com\/product\/yoast-seo-wordpress\/ -->\n<title>Bio \/ Contacto - LUCAS VARGA<\/title>\n<meta name=\"description\" content=\"Dise\u00f1ador generalista con experiencia en branding, editorial, web y desarrollo de productos. Me apasiona la investigaci\u00f3n para resolver situaciones que requieran funcionalidad y dise\u00f1o, disponible para proyectos en cualquier lugar.\" \/>\n<meta name=\"robots\" content=\"index, follow, max-snippet:-1, max-image-preview:large, max-video-preview:-1\" \/>\n<link rel=\"canonical\" href=\"https:\/\/lucasvarga.com\/en\/bio-contacto\/\" \/>\n<meta property=\"og:locale\" content=\"en_GB\" \/>\n<meta property=\"og:type\" content=\"article\" \/>\n<meta property=\"og:title\" content=\"Bio \/ Contacto - LUCAS VARGA\" \/>\n<meta property=\"og:description\" content=\"Dise\u00f1ador generalista con experiencia en branding, editorial, web y desarrollo de productos. Me apasiona la investigaci\u00f3n para resolver situaciones que requieran funcionalidad y dise\u00f1o, disponible para proyectos en cualquier lugar.\" \/>\n<meta property=\"og:url\" content=\"https:\/\/lucasvarga.com\/en\/bio-contacto\/\" \/>\n<meta property=\"og:site_name\" content=\"LUCAS VARGA\" \/>\n<meta property=\"article:modified_time\" content=\"2026-01-06T00:12:15+00:00\" \/>\n<meta property=\"og:image\" content=\"https:\/\/lucasvarga.com\/wp-content\/uploads\/2025\/05\/P1016533-3-scaled.jpg\" \/>\n\t<meta property=\"og:image:width\" content=\"2141\" \/>\n\t<meta property=\"og:image:height\" content=\"2560\" \/>\n\t<meta property=\"og:image:type\" content=\"image\/jpeg\" \/>\n<meta name=\"twitter:card\" content=\"summary_large_image\" \/>\n<meta name=\"twitter:label1\" content=\"Estimated reading time\" \/>\n\t<meta name=\"twitter:data1\" content=\"1 minute\" \/>\n<script type=\"application\/ld+json\" class=\"yoast-schema-graph\">{\"@context\":\"https:\\\/\\\/schema.org\",\"@graph\":[{\"@type\":\"WebPage\",\"@id\":\"https:\\\/\\\/lucasvarga.com\\\/bio-contacto\\\/\",\"url\":\"https:\\\/\\\/lucasvarga.com\\\/bio-contacto\\\/\",\"name\":\"Bio \\\/ Contacto - LUCAS VARGA\",\"isPartOf\":{\"@id\":\"https:\\\/\\\/lucasvarga.com\\\/#website\"},\"primaryImageOfPage\":{\"@id\":\"https:\\\/\\\/lucasvarga.com\\\/bio-contacto\\\/#primaryimage\"},\"image\":{\"@id\":\"https:\\\/\\\/lucasvarga.com\\\/bio-contacto\\\/#primaryimage\"},\"thumbnailUrl\":\"https:\\\/\\\/lucasvarga.com\\\/wp-content\\\/uploads\\\/2025\\\/05\\\/P1016533-3-856x1024.jpg\",\"datePublished\":\"2025-04-25T01:18:56+00:00\",\"dateModified\":\"2026-01-06T00:12:15+00:00\",\"description\":\"Dise\u00f1ador generalista con experiencia en branding, editorial, web y desarrollo de productos. Me apasiona la investigaci\u00f3n para resolver situaciones que requieran funcionalidad y dise\u00f1o, disponible para proyectos en cualquier lugar.\",\"breadcrumb\":{\"@id\":\"https:\\\/\\\/lucasvarga.com\\\/bio-contacto\\\/#breadcrumb\"},\"inLanguage\":\"en-GB\",\"potentialAction\":[{\"@type\":\"ReadAction\",\"target\":[\"https:\\\/\\\/lucasvarga.com\\\/bio-contacto\\\/\"]}]},{\"@type\":\"ImageObject\",\"inLanguage\":\"en-GB\",\"@id\":\"https:\\\/\\\/lucasvarga.com\\\/bio-contacto\\\/#primaryimage\",\"url\":\"https:\\\/\\\/lucasvarga.com\\\/wp-content\\\/uploads\\\/2025\\\/05\\\/P1016533-3-856x1024.jpg\",\"contentUrl\":\"https:\\\/\\\/lucasvarga.com\\\/wp-content\\\/uploads\\\/2025\\\/05\\\/P1016533-3-856x1024.jpg\"},{\"@type\":\"BreadcrumbList\",\"@id\":\"https:\\\/\\\/lucasvarga.com\\\/bio-contacto\\\/#breadcrumb\",\"itemListElement\":[{\"@type\":\"ListItem\",\"position\":1,\"name\":\"Home\",\"item\":\"https:\\\/\\\/lucasvarga.com\\\/\"},{\"@type\":\"ListItem\",\"position\":2,\"name\":\"Bio \\\/ Contacto\"}]},{\"@type\":\"WebSite\",\"@id\":\"https:\\\/\\\/lucasvarga.com\\\/#website\",\"url\":\"https:\\\/\\\/lucasvarga.com\\\/\",\"name\":\"Lucas Varga\",\"description\":\"Dise\u00f1ador Generalista\",\"potentialAction\":[{\"@type\":\"SearchAction\",\"target\":{\"@type\":\"EntryPoint\",\"urlTemplate\":\"https:\\\/\\\/lucasvarga.com\\\/?s={search_term_string}\"},\"query-input\":{\"@type\":\"PropertyValueSpecification\",\"valueRequired\":true,\"valueName\":\"search_term_string\"}}],\"inLanguage\":\"en-GB\"}]}<\/script>\n<!-- \/ Yoast SEO plugin. -->","yoast_head_json":{"title":"Bio \/ Contacto - LUCAS VARGA","description":"Dise\u00f1ador generalista con experiencia en branding, editorial, web y desarrollo de productos. Me apasiona la investigaci\u00f3n para resolver situaciones que requieran funcionalidad y dise\u00f1o, disponible para proyectos en cualquier lugar.","robots":{"index":"index","follow":"follow","max-snippet":"max-snippet:-1","max-image-preview":"max-image-preview:large","max-video-preview":"max-video-preview:-1"},"canonical":"https:\/\/lucasvarga.com\/en\/bio-contacto\/","og_locale":"en_GB","og_type":"article","og_title":"Bio \/ Contacto - LUCAS VARGA","og_description":"Dise\u00f1ador generalista con experiencia en branding, editorial, web y desarrollo de productos. Me apasiona la investigaci\u00f3n para resolver situaciones que requieran funcionalidad y dise\u00f1o, disponible para proyectos en cualquier lugar.","og_url":"https:\/\/lucasvarga.com\/en\/bio-contacto\/","og_site_name":"LUCAS VARGA","article_modified_time":"2026-01-06T00:12:15+00:00","og_image":[{"width":2141,"height":2560,"url":"https:\/\/lucasvarga.com\/wp-content\/uploads\/2025\/05\/P1016533-3-scaled.jpg","type":"image\/jpeg"}],"twitter_card":"summary_large_image","twitter_misc":{"Estimated reading time":"1 minute"},"schema":{"@context":"https:\/\/schema.org","@graph":[{"@type":"WebPage","@id":"https:\/\/lucasvarga.com\/bio-contacto\/","url":"https:\/\/lucasvarga.com\/bio-contacto\/","name":"Bio \/ Contacto - LUCAS VARGA","isPartOf":{"@id":"https:\/\/lucasvarga.com\/#website"},"primaryImageOfPage":{"@id":"https:\/\/lucasvarga.com\/bio-contacto\/#primaryimage"},"image":{"@id":"https:\/\/lucasvarga.com\/bio-contacto\/#primaryimage"},"thumbnailUrl":"https:\/\/lucasvarga.com\/wp-content\/uploads\/2025\/05\/P1016533-3-856x1024.jpg","datePublished":"2025-04-25T01:18:56+00:00","dateModified":"2026-01-06T00:12:15+00:00","description":"Dise\u00f1ador generalista con experiencia en branding, editorial, web y desarrollo de productos. Me apasiona la investigaci\u00f3n para resolver situaciones que requieran funcionalidad y dise\u00f1o, disponible para proyectos en cualquier lugar.","breadcrumb":{"@id":"https:\/\/lucasvarga.com\/bio-contacto\/#breadcrumb"},"inLanguage":"en-GB","potentialAction":[{"@type":"ReadAction","target":["https:\/\/lucasvarga.com\/bio-contacto\/"]}]},{"@type":"ImageObject","inLanguage":"en-GB","@id":"https:\/\/lucasvarga.com\/bio-contacto\/#primaryimage","url":"https:\/\/lucasvarga.com\/wp-content\/uploads\/2025\/05\/P1016533-3-856x1024.jpg","contentUrl":"https:\/\/lucasvarga.com\/wp-content\/uploads\/2025\/05\/P1016533-3-856x1024.jpg"},{"@type":"BreadcrumbList","@id":"https:\/\/lucasvarga.com\/bio-contacto\/#breadcrumb","itemListElement":[{"@type":"ListItem","position":1,"name":"Home","item":"https:\/\/lucasvarga.com\/"},{"@type":"ListItem","position":2,"name":"Bio \/ Contacto"}]},{"@type":"WebSite","@id":"https:\/\/lucasvarga.com\/#website","url":"https:\/\/lucasvarga.com\/","name":"Lucas Varga","description":"Dise\u00f1ador Generalista","potentialAction":[{"@type":"SearchAction","target":{"@type":"EntryPoint","urlTemplate":"https:\/\/lucasvarga.com\/?s={search_term_string}"},"query-input":{"@type":"PropertyValueSpecification","valueRequired":true,"valueName":"search_term_string"}}],"inLanguage":"en-GB"}]}},"_links":{"self":[{"href":"https:\/\/lucasvarga.com\/en\/wp-json\/wp\/v2\/pages\/1000","targetHints":{"allow":["GET"]}}],"collection":[{"href":"https:\/\/lucasvarga.com\/en\/wp-json\/wp\/v2\/pages"}],"about":[{"href":"https:\/\/lucasvarga.com\/en\/wp-json\/wp\/v2\/types\/page"}],"author":[{"embeddable":true,"href":"https:\/\/lucasvarga.com\/en\/wp-json\/wp\/v2\/users\/2"}],"replies":[{"embeddable":true,"href":"https:\/\/lucasvarga.com\/en\/wp-json\/wp\/v2\/comments?post=1000"}],"version-history":[{"count":17,"href":"https:\/\/lucasvarga.com\/en\/wp-json\/wp\/v2\/pages\/1000\/revisions"}],"predecessor-version":[{"id":1638,"href":"https:\/\/lucasvarga.com\/en\/wp-json\/wp\/v2\/pages\/1000\/revisions\/1638"}],"wp:attachment":[{"href":"https:\/\/lucasvarga.com\/en\/wp-json\/wp\/v2\/media?parent=1000"}],"curies":[{"name":"wp","href":"https:\/\/api.w.org\/{rel}","templated":true}]}}